{"id":31,"date":"2026-04-01T18:34:06","date_gmt":"2026-04-01T18:34:06","guid":{"rendered":"https:\/\/abonnement.xiptv.shop\/?post_type=product&#038;p=31"},"modified":"2026-04-01T18:56:08","modified_gmt":"2026-04-01T18:56:08","slug":"atlas-pro-ontv-12-mois","status":"publish","type":"product","link":"https:\/\/abonnement.xiptv.shop\/index.php\/produit\/atlas-pro-ontv-12-mois\/","title":{"rendered":"Atlas pro ontv 12 mois"},"content":{"rendered":"<p><img fetchpriority=\"high\" decoding=\"async\" class=\"alignnone wp-image-1777 size-large\" src=\"https:\/\/meilleuraboiptv.com\/wp-content\/uploads\/2024\/06\/IPTV-SMARTER-2024-1-1-1024x627.jpg\" alt=\"Abonnemnt IPTV SMARTERS PRO \" width=\"1020\" height=\"625\" \/><\/p>\n<h3>Le Pack IPTV SMARTERS PRO comprend :<\/h3>\n<p>Une collection de plus de <strong>10000 cha\u00eenes<\/strong> internationales et <strong>+23000 vid\u00e9os<\/strong> \u00e0 la demande en fran\u00e7ais (films, s\u00e9ries, documentaires, enfants, anime, sport, etc.) en haute d\u00e9finition et en haute d\u00e9finition, ainsi que 94 films en 4K.<br \/>\nLes cha\u00eenes disponibles sont la France, la Belgique, la Suisse, l&rsquo;Espagne, le Portugal, l&rsquo;Italie, l&rsquo;Allemagne, les Pays-Bas, la Roumanie, l&rsquo;Albanie, la Russie arabe, le Royaume-Uni, les \u00c9tats-Unis, le Canada, l&rsquo;Afrique, l&rsquo;Inde, le Pakistan.<\/p>\n","protected":false},"excerpt":{"rendered":"<div>\n<h6><!-- ####### YAY, I AM THE SOURCE EDITOR! #########--><\/h6>\n<h3><span style=\"color: #ffffff;\"><span style=\"font-family: helvetica, arial, sans-serif;\"><strong><span style=\"background-color: #3cba55; font-size: 28px;\">Exp\u00e9dition imm\u00e9diate et rapide au m\u00eame moment de paiement!<\/span><\/strong><\/span><\/span><span style=\"font-family: helvetica, arial, sans-serif; color: #0000ff;\"><strong><br \/>\n<\/strong><\/span><\/h3>\n<h6><span style=\"font-family: 'courier new', courier, monospace; font-size: 16px;\">\u2714\ufe0f7 jours de retours faciles<\/span><br \/>\n<span style=\"font-family: 'courier new', courier, monospace; font-size: 16px;\">\u2714\ufe0f24\/7 customer service.<br \/>\n<\/span><span style=\"font-family: 'courier new', courier, monospace; font-size: 16px;\">\u2714\ufe0f<\/span><span style=\"font-family: 'courier new', courier, monospace; font-size: 16px;\">Live chat support.<\/span><\/h6>\n<p><img decoding=\"async\" class=\"alignnone size-full wp-image-1765\" src=\"https:\/\/meilleuraboiptv.com\/wp-content\/uploads\/2022\/03\/trustbadge.png\" alt=\"\" width=\"1047\" height=\"213\" \/><\/p>\n<\/div>\n","protected":false},"featured_media":32,"comment_status":"open","ping_status":"closed","template":"","meta":[],"product_brand":[],"product_cat":[16],"product_tag":[],"class_list":{"0":"post-31","1":"product","2":"type-product","3":"status-publish","4":"has-post-thumbnail","6":"product_cat-non-classe","8":"first","9":"instock","10":"virtual","11":"purchasable","12":"product-type-simple"},"jetpack_sharing_enabled":true,"_links":{"self":[{"href":"https:\/\/abonnement.xiptv.shop\/index.php\/wp-json\/wp\/v2\/product\/31","targetHints":{"allow":["GET"]}}],"collection":[{"href":"https:\/\/abonnement.xiptv.shop\/index.php\/wp-json\/wp\/v2\/product"}],"about":[{"href":"https:\/\/abonnement.xiptv.shop\/index.php\/wp-json\/wp\/v2\/types\/product"}],"replies":[{"embeddable":true,"href":"https:\/\/abonnement.xiptv.shop\/index.php\/wp-json\/wp\/v2\/comments?post=31"}],"wp:featuredmedia":[{"embeddable":true,"href":"https:\/\/abonnement.xiptv.shop\/index.php\/wp-json\/wp\/v2\/media\/32"}],"wp:attachment":[{"href":"https:\/\/abonnement.xiptv.shop\/index.php\/wp-json\/wp\/v2\/media?parent=31"}],"wp:term":[{"taxonomy":"product_brand","embeddable":true,"href":"https:\/\/abonnement.xiptv.shop\/index.php\/wp-json\/wp\/v2\/product_brand?post=31"},{"taxonomy":"product_cat","embeddable":true,"href":"https:\/\/abonnement.xiptv.shop\/index.php\/wp-json\/wp\/v2\/product_cat?post=31"},{"taxonomy":"product_tag","embeddable":true,"href":"https:\/\/abonnement.xiptv.shop\/index.php\/wp-json\/wp\/v2\/product_tag?post=31"}],"curies":[{"name":"wp","href":"https:\/\/api.w.org\/{rel}","templated":true}]}}